{"id":35,"date":"2025-02-23T20:01:10","date_gmt":"2025-02-23T19:01:10","guid":{"rendered":"https:\/\/www.karl-on-tour.eu\/?page_id=35"},"modified":"2025-02-23T20:01:11","modified_gmt":"2025-02-23T19:01:11","slug":"impressum","status":"publish","type":"page","link":"https:\/\/www.karl-on-tour.eu\/?page_id=35","title":{"rendered":"Impressum"},"content":{"rendered":"\n<p>Anbieter dieser Internetseite ist:<\/p>\n\n\n\n<p>Ren\u00e9 Wakulat<br>Gerberweg 28<br>65510 Idstein<\/p>\n\n\n\n<p>E-Mail: rene@wakulat.com<\/p>\n\n\n\n<p>Inhaltlich Verantwortlicher gem\u00e4\u00df \u00a7 18 Abs. 2 MStV: Ren\u00e9 Wakulat<\/p>\n\n\n\n<p>Quelle:\u00a0<a href=\"http:\/\/www.muster-impressum.de\/\">http:\/\/www.muster-impressum.de<\/a><\/p>\n\n\n\n<p><\/p>\n","protected":false},"excerpt":{"rendered":"<p>Anbieter dieser Internetseite ist: Ren\u00e9 WakulatGerberweg 2865510 Idstein E-Mail: rene@wakulat.com Inhaltlich Verantwortlicher gem\u00e4\u00df \u00a7 18 Abs. 2 MStV: Ren\u00e9 Wakulat Quelle:\u00a0http:\/\/www.muster-impressum.de<\/p>\n","protected":false},"author":1,"featured_media":0,"parent":0,"menu_order":0,"comment_status":"closed","ping_status":"closed","template":"","meta":{"footnotes":""},"class_list":["post-35","page","type-page","status-publish","hentry"],"colors":{"color":"ffffff","contrast":"0,0,0","custom":false},"jetpack_sharing_enabled":true,"_links":{"self":[{"href":"https:\/\/www.karl-on-tour.eu\/index.php?rest_route=\/wp\/v2\/pages\/35","targetHints":{"allow":["GET"]}}],"collection":[{"href":"https:\/\/www.karl-on-tour.eu\/index.php?rest_route=\/wp\/v2\/pages"}],"about":[{"href":"https:\/\/www.karl-on-tour.eu\/index.php?rest_route=\/wp\/v2\/types\/page"}],"author":[{"embeddable":true,"href":"https:\/\/www.karl-on-tour.eu\/index.php?rest_route=\/wp\/v2\/users\/1"}],"replies":[{"embeddable":true,"href":"https:\/\/www.karl-on-tour.eu\/index.php?rest_route=%2Fwp%2Fv2%2Fcomments&post=35"}],"version-history":[{"count":2,"href":"https:\/\/www.karl-on-tour.eu\/index.php?rest_route=\/wp\/v2\/pages\/35\/revisions"}],"predecessor-version":[{"id":37,"href":"https:\/\/www.karl-on-tour.eu\/index.php?rest_route=\/wp\/v2\/pages\/35\/revisions\/37"}],"wp:attachment":[{"href":"https:\/\/www.karl-on-tour.eu\/index.php?rest_route=%2Fwp%2Fv2%2Fmedia&parent=35"}],"curies":[{"name":"wp","href":"https:\/\/api.w.org\/{rel}","templated":true}]}}